{"id":2981,"date":"2018-07-23T14:23:42","date_gmt":"2018-07-23T14:23:42","guid":{"rendered":"http:\/\/www.ctpergine.it\/?page_id=2981"},"modified":"2021-04-03T15:57:54","modified_gmt":"2021-04-03T13:57:54","slug":"privacy-policy","status":"publish","type":"page","link":"https:\/\/www.ctpergine.it\/index.php\/privacy-policy\/","title":{"rendered":"Privacy Policy"},"content":{"rendered":"<p>[vc_row hide_bg_image_on_tablet=&#8221;&#8221; hide_bg_image_on_mobile=&#8221;&#8221; css=&#8221;.vc_custom_1527690588959{background-color: #f7f8f9 !important;}&#8221;][vc_column icons_position=&#8221;left&#8221;][vc_column_text css=&#8221;.vc_custom_1617458273925{padding-top: 50px !important;padding-bottom: 50px !important;}&#8221;]Gentile visitatore,<br \/>\na seguito della consultazione di questo sito web possono essere trattati dati relativi a persone fisiche identificate o identificabili.<br \/>\nIn riferimento a tale trattamento di dati si rendono, anche ai sensi dell\u2019art. 13 del Regolamento generale europeo sulla protezione dei dati (Reg. UE 2016\/679), le seguenti informazioni, la cui validit\u00e0 peraltro non si estende ad altri siti web esterni collegati tramite link presenti su questo sito.<br \/>\nCon la prosecuzione della navigazione e con l\u2019adesione alle proposte di servizio contenute nelle varie parti del sito si danno per acquisite queste informazioni generali sul trattamento.<br \/>\nSi sottolinea che il consenso richiesto \u00e8 valido unicamente se proviene da persona maggiorenne o da minore che abbia compiuto i 14 anni se legittimato.<\/p>\n<p>A. Diritti degli utenti rispetto ai propri dati<br \/>\nIn base alle disposizione di cui agli artt. da 15 a 22 del Reg. (UE) 2016\/679 competono all\u2019interessato, rispetto ai propri dati:<br \/>\n\u2022 il diritto di accesso (art. 15 GDPR)<br \/>\n\u2022 il diritto di rettifica (art. 16 GDPR)<br \/>\n\u2022 il diritto alla cancellazione (art. 17 GDPR)<br \/>\n\u2022 il diritto di limitazione del trattamento nonch\u00e9 di opposizione (artt. 18 e 21 GDPR)<br \/>\n\u2022 il diritto alla portabilit\u00e0 dei dati (art. 20 GDPR)<\/p>\n<p>B. Titolare dei trattamenti<br \/>\nCircolo Tennis Pergine<br \/>\nVia Petri, 2 &#8211; 38057 Pergine Valsugana (TN) Italy<br \/>\nTel: 0461 532962<br \/>\nE-mail: info@ctpergine.it<\/p>\n<p>C. Delegati interni per la Privacy<br \/>\n\u2022 Pecoraro Otello (preposto a vigilare sulla riservatezza dei soli dati e trattamenti effettuati tramite sistemi informatici).<\/p>\n<p>D. Amministratori di sistema<br \/>\n\u2022 Pecoraro Otello<\/p>\n<p>E. Utilizzo dei cookies<br \/>\nVedi di seguito &#8220;Utilizzo dei cookies per il sito www.ctpergine.it&#8221;<\/p>\n<p>F. Finalit\u00e0 del trattamento e facolt\u00e0 di conferimento dei dati<br \/>\nA parte quanto altrove precisato per i dati di navigazione e per i cookies tecnici, l&#8217;utente \u00e8 libero di fornire i propri dati personali &#8211; attraverso l&#8217;utilizzo di appositi form presenti nel sito &#8211; per richiedere l&#8217;invio della newsletter, di materiale informativo o di altre comunicazione e, pi\u00f9 in generale, per le finalit\u00e0 riportate nelle informative specifiche.<br \/>\nIl mancato conferimento dei dati pu\u00f2 comportare l&#8217;impossibilit\u00e0 di dare seguito alla richiesta avanzata.<\/p>\n<p>G. Modalit\u00e0 di trattamento<br \/>\nCircolo Tennis Pergine, quale Titolare del trattamento e ciascuno degli eventuali Responsabili esterni, gestir\u00e0 ed archivier\u00e0 con strumenti automatizzati o cartacei i dati personali raccolti attraverso l&#8217;utilizzo dei sito e delle sue diverse funzionalit\u00e0 attivabili a richiesta dell&#8217;utente, per il tempo strettamente necessario a conseguire gli scopi per cui sono stati raccolti o volontariamente comunicati dall&#8217;utente.<br \/>\nSpecifiche misure di sicurezza, in base a quanto stabilito dall&#8217;art. 32 del Regolamento (UE) 2016\/679, sono adottate per prevenire la perdita dei dati, usi illeciti o non corretti ed eccessi non autorizzati.<br \/>\nIn nessun caso i dati saranno oggetto di diffusione.<br \/>\nSul trattamento dei dati personali non \u00e8 prevista alcuna attivit\u00e0 di profilazione dell&#8217;utente.<\/p>\n<p>Utilizzo dei cookies per il sito www.ctpergine.it<br \/>\nInformativa privacy in base al Provvedimento generale dell&#8217;Autorit\u00e0 Garante privacy dell&#8217;8 maggio 2014 (con riferimento anche al chiarimento emanato dal Garnate il 5 giugno 2015 e al parere Gruppo di lavoro WP 194 del 4\/2012.<\/p>\n<p>Circolo Tennis Pergine, titolare del trattamento dei dati personali conferiti sul proprio sito web www.ctpergine.it (di seguito denominati \u201cSito\u201d), rende noto quanto segue con riferimento all\u2019utilizzo di cookie.<\/p>\n<p>Uso dei cookie e gestore responsabile del sito web<br \/>\nCircolo Tennis Pergine nell\u2019espletamento della gestione e manutenzione del Sito, in qualit\u00e0 di titolare del trattamento dei dati personali e gestore responsabile del sito, utilizza cookie al fine di rendere i servizi erogati semplici e efficienti per l\u2019utenza che visiona le pagine del Sito.<\/p>\n<p>Gli utenti che visionano il Sito, vedranno inserite delle quantit\u00e0 minime di informazioni nei dispositivi in uso, che siano computer e periferiche mobili, in piccoli file di testo denominati \u201ccookie\u201d salvati nelle directory utilizzate dal browser web dell\u2019Utente.<\/p>\n<p>Vi sono vari tipi di cookie, alcuni per rendere pi\u00f9 efficace l\u2019uso del Sito, altri per abilitare determinate funzionalit\u00e0. Analizzandoli in maniera particolareggiata i nostri cookie permettono di:<br \/>\n\u00b7 memorizzare le preferenze inserite;<br \/>\n\u00b7 evitare di reinserire le stesse informazioni pi\u00f9 volte durante la visita quali ad esempio nome utente e password;<br \/>\n\u00b7 analizzare l\u2019utilizzo dei servizi e dei contenuti forniti dal Sito per ottimizzarne l\u2019esperienza di navigazione e i servizi offerti.<\/p>\n<p>Tipologie di Cookie utilizzati<br \/>\nA seguire i vari tipi di cookie utilizzati da www.ctpergine.it in funzione delle finalit\u00e0 d\u2019uso.<\/p>\n<p>Cookie tecnici<br \/>\nQuesta tipologia di cookie permette il corretto funzionamento di alcune sezioni del Sito. Sono di due categorie, persistenti e di sessione:<br \/>\n\u00b7 persistenti: una volta chiuso il browser non vengono distrutti ma rimangono fino ad una data di scadenza preimpostata<br \/>\n\u00b7 di sessione: vengono distrutti ogni volta che il browser viene chiuso<br \/>\nQuesti cookie, inviati sempre dal nostro dominio, sono necessari a visualizzare correttamente il Sito e in relazione ai servizi tecnici offerti, verranno quindi sempre utilizzati e inviati, a meno che l\u2019utenza non modifichi le impostazioni nel proprio browser (inficiando cos\u00ec la visualizzazione delle pagine del Sito).<\/p>\n<p>Cookie analitici<br \/>\nI cookie di questa categoria vengono utilizzati per collezionare informazioni sull\u2019uso del Sito, in particolare nell\u2019ambito di analisi statistiche anonime, al fine di migliorare l\u2019utilizzo del Sito e per rendere i contenuti pi\u00f9 interessanti e attinenti ai desideri dell\u2019utenza. Questa tipologia di cookie raccoglie dati in forma anonima sull\u2019attivit\u00e0 dell\u2019utenza e su come \u00e8 arrivata sul Sito. I cookie analitici sono inviati dal Sito stesso o da domini di terze parti.<\/p>\n<p>Cookie di analisi di servizi di terze parti<br \/>\nQuesti cookie sono utilizzati al fine di raccogliere informazioni sull\u2019uso del Sito da parte degli utenti in forma anonima quali: pagine visitate, tempo di permanenza, origini del traffico di provenienza, provenienza geografica, et\u00e0, genere e interessi ai fini di campagne di marketing. Questi cookie sono inviati da domini di terze parti esterni al Sito.<\/p>\n<p>Cookie per integrare prodotti e funzioni di software di terze parti<br \/>\nQuesta tipologia di cookie integra funzionalit\u00e0 sviluppate da terzi all\u2019interno delle pagine del Sito come le icone e le preferenze espresse nei social network al fine di condivisione dei contenuti del sito o per l\u2019uso di servizi software di terze parti (come i software per generare le mappe e ulteriori software che offrono servizi aggiuntivi). Questi cookie sono inviati da domini di terze parti e da siti partner che offrono le loro funzionalit\u00e0 tra le pagine del Sito.<\/p>\n<p>Cookie di profilazione<br \/>\nSono quei cookie necessari a creare profili utenti al fine di inviare messaggi pubblicitari in linea con le preferenze manifestate dall\u2019utente all\u2019interno delle pagine del Sito, che comunque non utilizza cookie di profilazione.<\/p>\n<p>Cookie utilizzati in questo sito<br \/>\nIl Sito utilizza cookie \u201ctecnici\u201d, quali i cookie di navigazione o sessione, quelli di funzionalit\u00e0 e quelli analitici.<br \/>\nSpecificatamente, vengono utilizzati cookie di navigazione o sessione, diretti a garantire la normale navigazione e fruizione del sito web, e quindi finalizzati a rendere funzionale ed ottimizzare la stessa navigazione all\u2019interno del sito.<br \/>\nInoltre, vengono installati cookie di funzionalit\u00e0, strettamente necessari per fornire servizi esplicitamente richiesti dall\u2019utente.<br \/>\nInfine, sono presenti cookie analitici, utilizzati esclusivamente dal solo gestore del Sito, per raccogliere informazioni, in forma aggregata ed anonima, sul numero degli utenti e su come gli utenti visitano il sito.<\/p>\n<p>Circolo Tennis Pergine si avvale del servizio Google Analytics di Google per la generazione di statistiche sull&#8217;utilizzo del portale web.<br \/>\nI dati acquisiti tramite Google Analytics potranno essere utilizzati anche da Google, secondo i termini di servizio predisposti dalla stesso.<br \/>\nPer consultare l&#8217;informativa della societ\u00e0 Google, relativa al servizio Google Analytics, si prega di visitare il sito Internet www.google.it\/policies\/privacy\/partners<\/p>\n<p>Ricordiamo che \u00e8 possibile disabilitare in toto l\u2019utilizzo di questi cookie come pure \u00e8 possibile disabilitare soltanto i cookie di Google Analytics, utilizzando il componente aggiuntivo di opt-out fornito da Google per i browser principali.<br \/>\nNon sono presenti cookie di profilazione utilizzati dal gestore del Sito, n\u00e9 di parti terze.<br \/>\nIl Sito potrebbe contenere collegamenti ad altri siti Web che dispongono di una propria informativa sulla privacy che pu\u00f2 essere diverse da quella adottata. Circolo Tennis Pergine non risponde dei contenuti di questi siti.<\/p>\n<p>Modalit\u00e0 di trattamento dei dati<br \/>\nI dati di navigazione sono trattati, in modalit\u00e0 telematica, da Circolo Tennis Pergine esclusivamente nell&#8217;ambito delle finalit\u00e0 sopra indicate; i dati non sono oggetto di comunicazione ad altri soggetti terzi, n\u00e9 di diffusione.<\/p>\n<p>Diritti dell\u2019interessato<br \/>\nOgni utente del Sito potr\u00e0 esercitare i diritti garantiti dagli articoli dal 15 a 22 del Reg. (UE) 2016\/679, nelle forme ivi previste. In particolare, l&#8217;utente ha diritto di richiedere l&#8217;accesso, la modifica, l&#8217;integrazione, la cancellazione e il blocco dei sui dati personali.<br \/>\nCompete inoltre all&#8217;interessato il diritto alla portabilit\u00e0 dei suoi dati, nonch\u00e9 il diritto di opposizione al trattamento. Sar\u00e0 possibile esercitare tali diritti inviando apposita richiesta all&#8217;indirizzo e-mail info@ctpergine.it[\/vc_column_text][\/vc_column][\/vc_row]<\/p>\n","protected":false},"excerpt":{"rendered":"<p>[vc_row hide_bg_image_on_tablet=&#8221;&#8221; hide_bg_image_on_mobile=&#8221;&#8221; css=&#8221;.vc_custom_1527690588959{background-color: #f7f8f9 !important;}&#8221;][vc_column icons_position=&#8221;left&#8221;][vc_column_text css=&#8221;.vc_custom_1617458273925{padding-top: 50px !important;padding-bottom: 50px !important;}&#8221;]Gentile visitatore, a seguito della consultazione di questo sito web possono essere trattati dati relativi a persone fisiche identificate [&hellip;]<\/p>\n","protected":false},"author":1,"featured_media":0,"parent":0,"menu_order":0,"comment_status":"closed","ping_status":"closed","template":"","meta":{"footnotes":""},"class_list":["post-2981","page","type-page","status-publish","hentry"],"_links":{"self":[{"href":"https:\/\/www.ctpergine.it\/index.php\/wp-json\/wp\/v2\/pages\/2981","targetHints":{"allow":["GET"]}}],"collection":[{"href":"https:\/\/www.ctpergine.it\/index.php\/wp-json\/wp\/v2\/pages"}],"about":[{"href":"https:\/\/www.ctpergine.it\/index.php\/wp-json\/wp\/v2\/types\/page"}],"author":[{"embeddable":true,"href":"https:\/\/www.ctpergine.it\/index.php\/wp-json\/wp\/v2\/users\/1"}],"replies":[{"embeddable":true,"href":"https:\/\/www.ctpergine.it\/index.php\/wp-json\/wp\/v2\/comments?post=2981"}],"version-history":[{"count":5,"href":"https:\/\/www.ctpergine.it\/index.php\/wp-json\/wp\/v2\/pages\/2981\/revisions"}],"predecessor-version":[{"id":3702,"href":"https:\/\/www.ctpergine.it\/index.php\/wp-json\/wp\/v2\/pages\/2981\/revisions\/3702"}],"wp:attachment":[{"href":"https:\/\/www.ctpergine.it\/index.php\/wp-json\/wp\/v2\/media?parent=2981"}],"curies":[{"name":"wp","href":"https:\/\/api.w.org\/{rel}","templated":true}]}}